{"id":16,"date":"2018-09-03T13:16:38","date_gmt":"2018-09-03T11:16:38","guid":{"rendered":"http:\/\/michelbarzin.be\/ESM\/?page_id=16"},"modified":"2019-06-06T10:39:46","modified_gmt":"2019-06-06T08:39:46","slug":"qui-sommes-nous","status":"publish","type":"page","link":"https:\/\/esmclub.be\/site\/le-club\/qui-sommes-nous\/","title":{"rendered":"Qui sommes-nous ?"},"content":{"rendered":"<p><img loading=\"lazy\" decoding=\"async\" class=\"size-medium wp-image-275 alignleft\" src=\"http:\/\/esmclub.be\/site\/wp-content\/uploads\/2018\/12\/esm-2-300x169.jpg\" alt=\"\" width=\"300\" height=\"169\" srcset=\"https:\/\/esmclub.be\/wp-content\/uploads\/2018\/12\/esm-2-300x169.jpg 300w, https:\/\/esmclub.be\/wp-content\/uploads\/2018\/12\/esm-2-768x432.jpg 768w, https:\/\/esmclub.be\/wp-content\/uploads\/2018\/12\/esm-2.jpg 960w\" sizes=\"auto, (max-width: 300px) 100vw, 300px\" \/><\/p>\n<p>&nbsp;<\/p>\n<p>&nbsp;<\/p>\n<p>&nbsp;<\/p>\n<p>&nbsp;<\/p>\n<p>&nbsp;<\/p>\n<p>&nbsp;<\/p>\n<p>&nbsp;<\/p>\n<p><u>Pr\u00e9sentation du club :<\/u><\/p>\n<p>Commen\u00e7ons par l\u2019\u00e9tymologie de l\u2019ESM&nbsp;:<\/p>\n<ul>\n<li><strong>Entente<\/strong> pour montrer que, bien qu&rsquo;individuelle, la course vaut aussi par la convivialit\u00e9 et la solidarit\u00e9 qu&rsquo;elle procure<\/li>\n<li><strong>Spiridon<\/strong>, en hommage au berger grec Louys Spiridon, premier vainqueur du marathon olympique en 1896, mais aussi au mouvement de coureurs n\u00e9 il y a une vingtaine d&rsquo;ann\u00e9es et qui a permis de d\u00e9velopper la course sur route malgr\u00e9 les r\u00e9sistances des ligues officielles<\/li>\n<li><strong>Monceau<\/strong>, en r\u00e9f\u00e9rence au parc de Monceau-sur-Sambre, pour le plaisir de la course dans la nature. Aujourd\u2019hui ce parc a \u00e9t\u00e9 renomm\u00e9 le parc Nelson MANDELA.<\/li>\n<\/ul>\n<p>&nbsp;<\/p>\n<p>Maintenant un peu d\u2019histoire&nbsp;:<\/p>\n<p>&nbsp;<\/p>\n<ul>\n<li>27\/01\/1979, quelques f\u00e9rus de course \u00e0 pied s\u2019entra\u00eenant dans le parc de Monceau d\u00e9cident de s\u2019affilier \u00e0 la F\u00e9d\u00e9ration Belge Francophone d\u2019Athl\u00e9tisme du Monde du Travail (FBFAT).<\/li>\n<li>F\u00e9vrier 1980, les membres de l\u2019ESM cr\u00e9ent la course de la Portelette \u00e0 Lobbes. Cette course a lieu chaque dernier Samedi du mois de f\u00e9vrier et son parcours est rest\u00e9 inchang\u00e9.<\/li>\n<li>1980-1981, Paul TIMMERMANS, qui est toujours notre entra\u00eeneur aujourd\u2019hui, ach\u00e8te les premiers singlets. Ils sont bleus et floqu\u00e9s avec les lettres du club. C\u2019est \u00e0 cette p\u00e9riode que les vestiaires sont accessibles pour les membres du club.<\/li>\n<li>1996, le club a acc\u00e8s \u00e0 des classes appartenant \u00e0 la ville. Ils les transforment et en y font notre club house o\u00f9 chaleur et convivialit\u00e9 y r\u00e8gnent toujours.<\/li>\n<li>04\/10\/2000, le club ouvre son \u00e9cole des jeunes.<\/li>\n<\/ul>\n<p>&nbsp;<\/p>\n<p>Et pour terminer, l\u2019ESM c\u2019est environ 300 membres (jeunes et moins jeunes) qui partagent une passion et trouvent un lieu de convivialit\u00e9 pour progresser ou simplement se tenir en forme.<\/p>\n<p>C\u2019est aussi un lieu o\u00f9 toutes les classes sociales sont repr\u00e9sent\u00e9es, mais en short, tee-shirt et baskets, cela ne se voit pas et ne se sent pas.&nbsp;<\/p>\n<p>Chez nous, il y a bien s\u00fbr des coureurs de niveaux diff\u00e9rents, mais il n&rsquo;est pas rare de voir, \u00e0 l&rsquo;entra\u00eenement, le meilleur c\u00f4toyer le moins fort.&nbsp; En comp\u00e9tition, il en est naturellement tout \u00e0 fait autrement.<\/p>\n<p>&nbsp;<\/p>\n<p><img loading=\"lazy\" decoding=\"async\" class=\"alignnone size-medium wp-image-276\" src=\"http:\/\/esmclub.be\/site\/wp-content\/uploads\/2018\/12\/esm-1-300x225.jpg\" alt=\"\" width=\"300\" height=\"225\" srcset=\"https:\/\/esmclub.be\/wp-content\/uploads\/2018\/12\/esm-1-300x225.jpg 300w, https:\/\/esmclub.be\/wp-content\/uploads\/2018\/12\/esm-1-768x576.jpg 768w, https:\/\/esmclub.be\/wp-content\/uploads\/2018\/12\/esm-1.jpg 1000w\" sizes=\"auto, (max-width: 300px) 100vw, 300px\" \/>&nbsp;<img loading=\"lazy\" decoding=\"async\" class=\"alignnone size-medium wp-image-254\" src=\"http:\/\/esmclub.be\/site\/wp-content\/uploads\/2018\/12\/esm1-chateau-2-300x152.jpg\" alt=\"\" width=\"300\" height=\"152\" srcset=\"https:\/\/esmclub.be\/wp-content\/uploads\/2018\/12\/esm1-chateau-2-300x152.jpg 300w, https:\/\/esmclub.be\/wp-content\/uploads\/2018\/12\/esm1-chateau-2-768x388.jpg 768w, https:\/\/esmclub.be\/wp-content\/uploads\/2018\/12\/esm1-chateau-2.jpg 793w\" sizes=\"auto, (max-width: 300px) 100vw, 300px\" \/><\/p>\n","protected":false},"excerpt":{"rendered":"<p>&nbsp; &nbsp; &nbsp; &nbsp; &nbsp; &nbsp; &nbsp; Pr\u00e9sentation du club : Commen\u00e7ons par l\u2019\u00e9tymologie de l\u2019ESM&nbsp;: Entente pour montrer que, bien qu&rsquo;individuelle, la course vaut aussi par la convivialit\u00e9 et la solidarit\u00e9 qu&rsquo;elle procure Spiridon, en hommage au berger grec &hellip;<\/p>\n<p><a href=\"https:\/\/esmclub.be\/site\/le-club\/qui-sommes-nous\/\">Continue Reading<span class=\"meta-nav\">&rarr;<\/span><\/a><\/p>\n","protected":false},"author":1,"featured_media":0,"parent":13,"menu_order":0,"comment_status":"closed","ping_status":"closed","template":"","meta":{"footnotes":""},"class_list":["post-16","page","type-page","status-publish","hentry"],"_links":{"self":[{"href":"https:\/\/esmclub.be\/site\/wp-json\/wp\/v2\/pages\/16","targetHints":{"allow":["GET"]}}],"collection":[{"href":"https:\/\/esmclub.be\/site\/wp-json\/wp\/v2\/pages"}],"about":[{"href":"https:\/\/esmclub.be\/site\/wp-json\/wp\/v2\/types\/page"}],"author":[{"embeddable":true,"href":"https:\/\/esmclub.be\/site\/wp-json\/wp\/v2\/users\/1"}],"replies":[{"embeddable":true,"href":"https:\/\/esmclub.be\/site\/wp-json\/wp\/v2\/comments?post=16"}],"version-history":[{"count":8,"href":"https:\/\/esmclub.be\/site\/wp-json\/wp\/v2\/pages\/16\/revisions"}],"predecessor-version":[{"id":1103,"href":"https:\/\/esmclub.be\/site\/wp-json\/wp\/v2\/pages\/16\/revisions\/1103"}],"up":[{"embeddable":true,"href":"https:\/\/esmclub.be\/site\/wp-json\/wp\/v2\/pages\/13"}],"wp:attachment":[{"href":"https:\/\/esmclub.be\/site\/wp-json\/wp\/v2\/media?parent=16"}],"curies":[{"name":"wp","href":"https:\/\/api.w.org\/{rel}","templated":true}]}}