{"id":24,"date":"2018-09-03T13:20:24","date_gmt":"2018-09-03T11:20:24","guid":{"rendered":"http:\/\/michelbarzin.be\/ESM\/?page_id=24"},"modified":"2024-10-23T11:21:19","modified_gmt":"2024-10-23T09:21:19","slug":"comment-saffilier","status":"publish","type":"page","link":"https:\/\/esmclub.be\/site\/le-club\/comment-saffilier\/","title":{"rendered":"Comment s&rsquo;affilier"},"content":{"rendered":"\n<p><em>Pour devenir membre du club, il faut :<\/em><\/p>\n\n\n\n<p><\/p>\n\n\n\n<p>&nbsp;1.&nbsp;<strong>COMPLETER <a href=\"https:\/\/esmclub.be\/wp-content\/uploads\/2024\/10\/inscription-club-pdf.pdf\">le formulaire d&rsquo;inscription <\/a><\/strong>(\u00e9galement disponible au club house en vous adressant au secr\u00e9taire ou \u00e0 un membre du CA).<\/p>\n\n\n\n<p>&nbsp;<\/p>\n\n\n\n<p><\/p>\n\n\n\n<p>&nbsp;<\/p>\n\n\n\n<p>2.&nbsp;<strong>PAYER 35\u20ac<\/strong>&nbsp;de cotisation annuelle sur le num\u00e9ro de compte&nbsp;<strong>BE17<\/strong><strong>0014 6013 3421<\/strong>&nbsp;(ESM- Rue Albert 1er, 52 \u00e0 BE 6043 RANSART) en<strong>&nbsp;indiquant clairement en&nbsp;communication pour qui le paiement s&rsquo;adresse (nom et pr\u00e9nom).<\/strong><em>&nbsp;nb: pour les 2\u00e8me , 3\u00e8me, &#8230;membres d&rsquo;une famille sous un m\u00eame toit, la cotisation est de 25\u20ac<\/em><\/p>\n\n\n\n<p><\/p>\n\n\n\n<p><\/p>\n\n\n\n<p>&nbsp;<\/p>\n\n\n\n<p>3. Si possible,\u00a0nous communiquer\u00a0votre num\u00e9ro de t\u00e9l\u00e9phone et votre adresse email.<\/p>\n\n\n\n<p>&nbsp;<\/p>\n\n\n\n<p>&nbsp;<\/p>\n\n\n\n<p><\/p>\n\n\n\n<p><\/p>\n\n\n\n<p>4. Compl\u00e8te la <strong>fiche INFOS coureur<\/strong> que tu trouveras au bar du club house ou en <a href=\"https:\/\/esmclub.be\/site\/fiche-infos-coureur-2\/\">cliquant ici<\/a>\u00a0 \u00a0. Remets la ensuite \u00e0 l\u2019entra\u00eeneur Paul TIMMERMANS afin qu&rsquo;il puisse d\u00e9terminer le groupe avec lequel tu peux t&rsquo;entra\u00eener et \u00e9ventuellement d\u00e9terminer, avec toi, ton programme.<\/p>\n","protected":false},"excerpt":{"rendered":"<p>Pour devenir membre du club, il faut : &nbsp;1.&nbsp;COMPLETER le formulaire d&rsquo;inscription (\u00e9galement disponible au club house en vous adressant au secr\u00e9taire ou \u00e0 un membre du CA). &nbsp; &nbsp; 2.&nbsp;PAYER 35\u20ac&nbsp;de cotisation annuelle sur le num\u00e9ro de compte&nbsp;BE170014 6013 &hellip;<\/p>\n<p><a href=\"https:\/\/esmclub.be\/site\/le-club\/comment-saffilier\/\">Continue Reading<span class=\"meta-nav\">&rarr;<\/span><\/a><\/p>\n","protected":false},"author":1,"featured_media":0,"parent":13,"menu_order":0,"comment_status":"closed","ping_status":"closed","template":"","meta":{"footnotes":""},"class_list":["post-24","page","type-page","status-publish","hentry"],"_links":{"self":[{"href":"https:\/\/esmclub.be\/site\/wp-json\/wp\/v2\/pages\/24","targetHints":{"allow":["GET"]}}],"collection":[{"href":"https:\/\/esmclub.be\/site\/wp-json\/wp\/v2\/pages"}],"about":[{"href":"https:\/\/esmclub.be\/site\/wp-json\/wp\/v2\/types\/page"}],"author":[{"embeddable":true,"href":"https:\/\/esmclub.be\/site\/wp-json\/wp\/v2\/users\/1"}],"replies":[{"embeddable":true,"href":"https:\/\/esmclub.be\/site\/wp-json\/wp\/v2\/comments?post=24"}],"version-history":[{"count":17,"href":"https:\/\/esmclub.be\/site\/wp-json\/wp\/v2\/pages\/24\/revisions"}],"predecessor-version":[{"id":3808,"href":"https:\/\/esmclub.be\/site\/wp-json\/wp\/v2\/pages\/24\/revisions\/3808"}],"up":[{"embeddable":true,"href":"https:\/\/esmclub.be\/site\/wp-json\/wp\/v2\/pages\/13"}],"wp:attachment":[{"href":"https:\/\/esmclub.be\/site\/wp-json\/wp\/v2\/media?parent=24"}],"curies":[{"name":"wp","href":"https:\/\/api.w.org\/{rel}","templated":true}]}}