{"id":2684,"date":"2019-12-05T11:16:39","date_gmt":"2019-12-05T10:16:39","guid":{"rendered":"https:\/\/esmclub.be\/site\/?page_id=2684"},"modified":"2021-10-30T09:38:33","modified_gmt":"2021-10-30T07:38:33","slug":"la-cellule-technique-role-et-organisation","status":"publish","type":"page","link":"https:\/\/esmclub.be\/site\/les-entrainements\/la-cellule-technique-role-et-organisation\/","title":{"rendered":"La cellule technique &#8211; r\u00f4le et organisation"},"content":{"rendered":"<ol>\n<li><strong> La cellule technique.<\/strong><\/li>\n<\/ol>\n<p>&nbsp;<br \/>\nLa cellule technique est compos\u00e9e de l\u2019entra\u00eeneur, de coureurs chevronn\u00e9s dont la candidature a \u00e9t\u00e9 valid\u00e9e par le comit\u00e9 et d&rsquo;un repr\u00e9sentant du comit\u00e9. Elle se r\u00e9unit au moins une fois par trimestre pour:<\/p>\n<p>&#8211; \u00e9valuer l&rsquo;organisation des entra\u00eenements et proc\u00e9der \u00e0 des adaptations;<\/p>\n<p>&#8211; participer \u00e0 l\u2019organisation d\u2019activit\u00e9s collectives destin\u00e9es \u00e0 renforcer l\u2019esprit de club et l\u2019esprit de comp\u00e9tition&nbsp;: d\u00e9placements, courses d\u2019\u00e9quipes, stages,&#8230;.<\/p>\n<p>&nbsp;<\/p>\n<ol start=\"2\">\n<li><b> Organisation g\u00e9n\u00e9rale des entra\u00eenements.<\/b><\/li>\n<\/ol>\n<p>&nbsp;<\/p>\n<p><em>Les entra\u00eenements&nbsp;collectifs&nbsp; qualitatifs ont lieu le mercredi \u00e0 partir de 17h \u00e0 Monceau et le samedi \u00e0 10 h \u00e0 Thuin pour la course nature (cross, trail, orientation)<\/em><\/p>\n<p>&nbsp;<\/p>\n<p><span style=\"text-decoration: underline;\">Fractionn\u00e9 du mercredi \u2013 Composition des groupes<\/span><\/p>\n<p>&nbsp;<\/p>\n<p><span style=\"color: #0000ff;\"><em>&#8211; Organisation des groupes.<\/em><\/span><\/p>\n<p>Chaque groupe rassemble \u00e0 la fois des personnes qui ont des objectifs relativement communs en mati\u00e8re d\u2019entra\u00eenement et aussi des niveaux de forme assez homog\u00e8nes. De surcro\u00eet, au sein de chaque groupe, en fonction de la forme affich\u00e9e ou de r\u00e9sultats r\u00e9cents ou encore de tests collectifs (type 4 x 1000 m) sont organis\u00e9s des sous-groupes. Chaque sous-groupe est conduit par un(e) r\u00e9f\u00e9rent(e). Le programme du groupe vaut pour tous les sous-groupes qui le composent.<\/p>\n<p>&nbsp;<\/p>\n<p><span style=\"color: #0000ff;\"><em>&#8211; R\u00e9partition dans les groupes<\/em><\/span><\/p>\n<p>Cette r\u00e9partition peut fluctuer au cours de l&rsquo;ann\u00e9e, en fonction des progr\u00e8s r\u00e9alis\u00e9s, de la forme du moment, des probl\u00e8mes li\u00e9s aux blessures, du changement d&rsquo;objectifs\u2026.<\/p>\n<p>On passe d&rsquo;un groupe \u00e0 l&rsquo;autre normalement apr\u00e8s concertation avec les r\u00e9f\u00e9rents ou l&rsquo;entra\u00eeneur. Ne pas h\u00e9siter \u00e0 en parler.&nbsp; Il n&rsquo;est pas pertinent d&rsquo;\u00eatre dans un groupe o\u00f9 l&rsquo;on est \u00e0 la peine tout le temps ou aussi 50 m en permanence devant les autres. La progression est meilleure dans un sous-groupe homog\u00e8ne.<\/p>\n<p>&nbsp;<\/p>\n<p><strong>Description des groupe:<\/strong><\/p>\n<p><strong>Groupe&nbsp; 1&nbsp;:<\/strong><\/p>\n<p>Personnes qui s\u2019entra\u00eenent au min 4 fois par semaine, qui ont des objectifs clairs de comp\u00e9tition et qui valent, \u00e0 titre indicatif,&nbsp; \u00b1 &nbsp;entre 32 et 42 \u2018 sur 10. sur 10 kms<\/p>\n<p>3 sous-groupes Gr 1 A&nbsp;: 32 \u00e0 37-38\u2019, Gr 1 B 37- 38 \u00e0 40\u2019, Gr 1 C&nbsp;: 40 \u00e0 42-43<\/p>\n<p>&nbsp;<\/p>\n<p><strong>Groupe&nbsp; 2<\/strong><\/p>\n<p>Personnes qui s\u2019entra\u00eenent au min 3 fois par semaine, qui ont des objectifs de comp\u00e9tition et qui valent, \u00e0 titre indicatif,&nbsp; \u00b1&nbsp; entre 42 et 52\u2018 sur 10 kms<\/p>\n<p>4 sous-groupes Gr 2 A&nbsp;: 42&nbsp; \u00e0 43-45\u2019, Gr 2 B&nbsp;: 44-45\u2019 \u00e0 46-47\u2019, Gr 2 C&nbsp;: 46\u2019 \u00e0 49\u2019, Gr 2 D: 49 \u00e0 52\u2019<\/p>\n<p>&nbsp;<\/p>\n<p><strong>Groupe&nbsp; 3&nbsp;:<\/strong><\/p>\n<p>Personnes qui s\u2019entra\u00eenent au min 2 fois par semaine, voire 3, qui ont occasionnellement des objectifs de comp\u00e9tition et qui valent, \u00e0 titre indicatif,&nbsp; \u00b1&nbsp; entre 52 et 60\u2018 sur 10 kms<\/p>\n<p>2 sous-groupes Gr 3 A&nbsp;: 52 \u00e0 55-56\u2019, Gr 3&nbsp;B&nbsp;:&nbsp; 55- 60\u2019.<\/p>\n<p>&nbsp;<\/p>\n<p><strong>Groupe&nbsp; 4&nbsp;:<\/strong><\/p>\n<p>Personnes qui s\u2019entra\u00eenent au min 2 fois par semaine, qui veulent progresser en travaillant en qualit\u00e9 et qui valent plus de 60 \u2018 sur 10 kms.<\/p>\n<p>2 sous-groupes Gr 4 A&nbsp;: fractionn\u00e9, Gr 4 B&nbsp;: endurance qualitative<\/p>\n<p>&nbsp;<\/p>\n<p><span style=\"color: #0000ff;\"><em>&#8211;&nbsp; R\u00f4le et fonction des r\u00e9f\u00e9rents. <\/em><\/span><br \/>\nLes r\u00e9f\u00e9rents sont des coureurs exp\u00e9riment\u00e9s qui, au sein de leur sous-groupe&nbsp;:<\/p>\n<p>&#8211; disposent des informations sur le programme du jour et en ma\u00eetrisent la bonne ex\u00e9cution<\/p>\n<p>&#8211; donnent les d\u00e9parts du fractionn\u00e9, prennent les temps, les communiquent aux participants du groupe et veillent au respect des temps de r\u00e9cup\u00e9ration<\/p>\n<p>&#8211; sont attentifs \u00e0 l&rsquo;int\u00e9gration des coureurs et le cas \u00e9ch\u00e9ant, \u00e9voquent avec l\u2019entra\u00eeneur et le coureur un \u00e9ventuel changement de sous-groupe.&nbsp;<\/p>\n<p>&nbsp;<\/p>\n<table width=\"643\">\n<tbody>\n<tr>\n<td width=\"87\">Groupes<\/td>\n<td width=\"556\">r\u00e9f\u00e9rents<\/td>\n<\/tr>\n<tr>\n<td width=\"87\">Gr 1 A<\/td>\n<td width=\"556\">S\u00e9bastien<\/td>\n<\/tr>\n<tr>\n<td width=\"87\">Gr 1 B<\/td>\n<td width=\"556\">Bertrand<\/td>\n<\/tr>\n<tr>\n<td width=\"87\">Gr 1 C<\/td>\n<td width=\"556\">Virginie<\/td>\n<\/tr>\n<tr>\n<td width=\"87\">Gr 2 A<\/td>\n<td width=\"556\">Pascal &#8211; &gt;Eric<\/td>\n<\/tr>\n<tr>\n<td width=\"87\">Gr 2 B<\/td>\n<td width=\"556\">Beno\u00eet<\/td>\n<\/tr>\n<tr>\n<td width=\"87\">Gr 2 C<\/td>\n<td width=\"556\">Camille \u2013 Pierre- Michel<\/td>\n<\/tr>\n<tr>\n<td width=\"87\">Gr 2 D<\/td>\n<td width=\"556\">B\u00e9n\u00e9dicte- Florence<\/td>\n<\/tr>\n<tr>\n<td width=\"87\">Gr 3 A<\/td>\n<td width=\"556\">??<\/td>\n<\/tr>\n<tr>\n<td width=\"87\">Gr 3 B<\/td>\n<td width=\"556\">Fran\u00e7oise<\/td>\n<\/tr>\n<tr>\n<td width=\"87\">Gr 4 A<\/td>\n<td width=\"556\">Serge \u2013 Christian<\/td>\n<\/tr>\n<tr>\n<td width=\"87\">Gr 4 B<\/td>\n<td width=\"556\">Raymond<\/td>\n<\/tr>\n<\/tbody>\n<\/table>\n<p>&nbsp;<\/p>\n<ol start=\"3\">\n<li>&nbsp;<strong>La comp\u00e9tition.<\/strong><\/li>\n<\/ol>\n<p>&nbsp;<\/p>\n<p>La cellule technique, avec l&rsquo;aide des r\u00e9f\u00e9rents, veille \u00e0 mettre en valeur des comp\u00e9titeurs.<\/p>\n<p>4 mentions sont d\u00e9cern\u00e9es:<\/p>\n<p>&nbsp;<\/p>\n<p>1\u00b0 Top 10 kms<\/p>\n<p>&nbsp;<\/p>\n<p><strong>Objectif&nbsp;:<\/strong> r\u00e9f\u00e9rencer chaque ann\u00e9e un max de coureurs de l&rsquo;ESM sur la distance de 10 kms.<\/p>\n<p><strong>Proc\u00e9dure&nbsp;<\/strong>:<\/p>\n<p>&#8211; Sont pris en compte&nbsp;: tous les r\u00e9sultats r\u00e9alis\u00e9s&nbsp; sur des distances de 9 \u00e0 11 kms&nbsp;; la moyenne sera calcul\u00e9e sur une base de 10 kms. En cas d&rsquo;ex-aequo, la distance la plus longue sera prioritaire.<\/p>\n<p>&#8211; Les&nbsp; r\u00e9sultats sont communiqu\u00e9s, soit par mail au secr\u00e9tariat du club, soit directement \u00e0 Jo\u00ebl Brunebarbe, responsable du challenge top 10. Il doit \u00eatre mentionn\u00e9&nbsp;: le temps, la date, le lieu de la course. N\u00e9cessit\u00e9 d&rsquo;\u00eatre inscrit en tant que ESM<\/p>\n<p>&#8211; le challenge 2019 se termine \u00e0 la f\u00eate du club o\u00f9 les r\u00e9sultats seront proclam\u00e9s. Il recommence le WE suivant.<\/p>\n<p>&nbsp;<\/p>\n<p>2\u00b0 La progression<\/p>\n<p>&nbsp;<\/p>\n<p>Chaque mois, de novembre \u00e0 octobre, la cellule technique, avec les r\u00e9f\u00e9rents, d\u00e9signe la meilleure progression femmes et hommes. Il s&rsquo;agit de r\u00e9compenser le travail r\u00e9alis\u00e9 \u00e0 l\u2019entra\u00eenement&nbsp; et de&nbsp; mettre en valeur un r\u00e9sultat significatif en course, quelle qu&rsquo;en soit la nature.<\/p>\n<p>Chaque membre du club peut sugg\u00e9rer des r\u00e9sultats d&rsquo;athl\u00e8tes aux membres de la cellule technique et aux r\u00e9f\u00e9rents.<\/p>\n<p>Lors de la f\u00eate du club, les membres d\u00e9signent parmi les nomin\u00e9s du mois, celle et celui qui seront les nomin\u00e9s de l&rsquo;ann\u00e9e.<\/p>\n<p>&nbsp;<\/p>\n<p>&nbsp;<\/p>\n<p>3\u00b0 La performance<\/p>\n<p>&nbsp;<\/p>\n<p>Chaque mois, de novembre \u00e0 octobre la cellule technique, avec les r\u00e9f\u00e9rents,&nbsp; d\u00e9signe la meilleure performance femmes et hommes. Il s&rsquo;agit de r\u00e9compenser le classement&nbsp; qui repr\u00e9sente, en valeur absolue, le meilleur r\u00e9sultat relativement, tant aux r\u00e9sultats&nbsp; d\u00e9j\u00e0 r\u00e9alis\u00e9s par l&rsquo;athl\u00e8te que son classement relativement au niveau de la course effectu\u00e9e.<\/p>\n<p>Chaque membre du club peut sugg\u00e9rer des r\u00e9sultats d&rsquo;athl\u00e8tes aux membres de la cellule technique et aux r\u00e9f\u00e9rents.<br \/>\nLors de la f\u00eate du club, les membres d\u00e9signent parmi les nomin\u00e9s du mois, celle et celui qui seront les nomin\u00e9s de l&rsquo;ann\u00e9e.<\/p>\n<p>&nbsp;<\/p>\n<p>4\u00b0 Le et la meilleur.e jeune<\/p>\n<p>&nbsp;<\/p>\n<p>Il s&rsquo;agit d&rsquo;identifier, de novembre \u00e0 octobre qui suit, parmi&nbsp; les jeunes qui suivent l&rsquo;entrainement des jeunes le mercredi, &nbsp;la meilleure progression. La proposition est valid\u00e9e par vote au souper du club.<\/p>\n<p>&nbsp;<\/p>\n<ol start=\"4\">\n<li><strong>Organisation des groupes:&nbsp;<\/strong>&nbsp;&nbsp;<\/li>\n<li><strong>Les membres cellule technique et r\u00e9f\u00e9rents (novembre 2021)<\/strong><\/li>\n<\/ol>\n<p>&nbsp;<\/p>\n<p>&#8211; La cellule technique:<\/p>\n<p>&nbsp;<\/p>\n<p>Fran\u00e7oise Gilles, Patrick Vandenhaute,&nbsp; Jo\u00ebl Brunebarbe, Marcel Drugmand, Paul Timmermans<\/p>\n<p>&nbsp;<\/p>\n<p>&nbsp;<\/p>\n<p>&nbsp;<\/p>\n","protected":false},"excerpt":{"rendered":"<p>La cellule technique. &nbsp; La cellule technique est compos\u00e9e de l\u2019entra\u00eeneur, de coureurs chevronn\u00e9s dont la candidature a \u00e9t\u00e9 valid\u00e9e par le comit\u00e9 et d&rsquo;un repr\u00e9sentant du comit\u00e9. Elle se r\u00e9unit au moins une fois par trimestre pour: &#8211; \u00e9valuer &hellip;<\/p>\n<p><a href=\"https:\/\/esmclub.be\/site\/les-entrainements\/la-cellule-technique-role-et-organisation\/\">Continue Reading<span class=\"meta-nav\">&rarr;<\/span><\/a><\/p>\n","protected":false},"author":5,"featured_media":0,"parent":374,"menu_order":0,"comment_status":"closed","ping_status":"closed","template":"","meta":{"footnotes":""},"class_list":["post-2684","page","type-page","status-publish","hentry"],"_links":{"self":[{"href":"https:\/\/esmclub.be\/site\/wp-json\/wp\/v2\/pages\/2684","targetHints":{"allow":["GET"]}}],"collection":[{"href":"https:\/\/esmclub.be\/site\/wp-json\/wp\/v2\/pages"}],"about":[{"href":"https:\/\/esmclub.be\/site\/wp-json\/wp\/v2\/types\/page"}],"author":[{"embeddable":true,"href":"https:\/\/esmclub.be\/site\/wp-json\/wp\/v2\/users\/5"}],"replies":[{"embeddable":true,"href":"https:\/\/esmclub.be\/site\/wp-json\/wp\/v2\/comments?post=2684"}],"version-history":[{"count":5,"href":"https:\/\/esmclub.be\/site\/wp-json\/wp\/v2\/pages\/2684\/revisions"}],"predecessor-version":[{"id":3340,"href":"https:\/\/esmclub.be\/site\/wp-json\/wp\/v2\/pages\/2684\/revisions\/3340"}],"up":[{"embeddable":true,"href":"https:\/\/esmclub.be\/site\/wp-json\/wp\/v2\/pages\/374"}],"wp:attachment":[{"href":"https:\/\/esmclub.be\/site\/wp-json\/wp\/v2\/media?parent=2684"}],"curies":[{"name":"wp","href":"https:\/\/api.w.org\/{rel}","templated":true}]}}