{"id":31,"date":"2018-09-03T13:21:16","date_gmt":"2018-09-03T11:21:16","guid":{"rendered":"http:\/\/michelbarzin.be\/ESM\/?page_id=31"},"modified":"2020-02-13T20:50:26","modified_gmt":"2020-02-13T19:50:26","slug":"challenge","status":"publish","type":"page","link":"https:\/\/esmclub.be\/site\/nos-courses\/challenge\/","title":{"rendered":"Challenge"},"content":{"rendered":"<p style=\"text-align: left;\"><strong>Pour prendre connaissance du nouveau r\u00e8glement pour le challenge 2020, la liste compl\u00e8te des courses et les diff\u00e9rentes cat\u00e9gories: cliquez sur le lien suivant:<\/strong><\/p>\n<p>&nbsp;<\/p>\n<p><strong><a href=\"https:\/\/esmclub.be\/wp-content\/uploads\/2019\/12\/r\u00e8glement-challenge-2020.pdf\">r\u00e8glement challenge<\/a><\/strong>&nbsp;&nbsp;<\/p>\n<p>&nbsp;<\/p>\n<p><a href=\"https:\/\/esmclub.be\/wp-content\/uploads\/2019\/12\/courses-2020.pdf\">liste des courses<\/a><\/p>\n<p>&nbsp;<\/p>\n<p><a href=\"https:\/\/esmclub.be\/wp-content\/uploads\/2019\/12\/cat\u00e9gories.pdf\">Type de cat\u00e9gories<\/a>&nbsp;<\/p>\n<p>&nbsp;<\/p>\n<p><strong><span style=\"color: #ff0000;\">Attention, n&rsquo;oubliez pas d&rsquo;aider la cellule challenge, Luc et Fanfan en envoyant vos r\u00e9sultats \u00e0&nbsp; l&rsquo;adresse<\/span><\/strong> :&nbsp;<a href=\"challengeesm.fanfanetluc@gmail.com\">challengeesm.fanfanetluc@gmail.com<\/a><\/p>\n<p>&nbsp;<\/p>\n<p>Pour le classement du challenge 2020:<\/p>\n<p>&nbsp;<\/p>\n<p>Classement challenge &#8211; <a href=\"https:\/\/esmclub.be\/wp-content\/uploads\/2020\/02\/challenge-g\u00e9n\u00e9rale-hulpe.pdf\">g\u00e9n\u00e9ral&nbsp;<\/a><\/p>\n<p>&nbsp;<\/p>\n<p>Classement challenge &#8211; <a href=\"https:\/\/esmclub.be\/wp-content\/uploads\/2020\/02\/challenge-cat\u00e9gorie-hulpe.pdf\">par cat\u00e9gorie<\/a>&nbsp;<\/p>\n<p>&nbsp;<\/p>\n<p><em><strong>Archives<\/strong><\/em><\/p>\n<p><a href=\"https:\/\/esmclub.be\/wp-content\/uploads\/2019\/11\/classement-final-2019-2.pdf\">Classement final du challenge 2019<\/a><\/p>\n<p>&nbsp;<\/p>\n<p><strong>Pour le classement par cat\u00e9gorie Cliquer<\/strong> <a href=\"https:\/\/esmclub.be\/wp-content\/uploads\/2019\/11\/classement-final-par-cat\u00e9gorie-2019-2.pdf\">ICI<\/a><\/p>\n<p>&nbsp;<\/p>\n","protected":false},"excerpt":{"rendered":"<p>Pour prendre connaissance du nouveau r\u00e8glement pour le challenge 2020, la liste compl\u00e8te des courses et les diff\u00e9rentes cat\u00e9gories: cliquez sur le lien suivant: &nbsp; r\u00e8glement challenge&nbsp;&nbsp; &nbsp; liste des courses &nbsp; Type de cat\u00e9gories&nbsp; &nbsp; Attention, n&rsquo;oubliez pas d&rsquo;aider &hellip;<\/p>\n<p><a href=\"https:\/\/esmclub.be\/site\/nos-courses\/challenge\/\">Continue Reading<span class=\"meta-nav\">&rarr;<\/span><\/a><\/p>\n","protected":false},"author":1,"featured_media":0,"parent":28,"menu_order":0,"comment_status":"closed","ping_status":"closed","template":"","meta":{"footnotes":""},"class_list":["post-31","page","type-page","status-publish","hentry"],"_links":{"self":[{"href":"https:\/\/esmclub.be\/site\/wp-json\/wp\/v2\/pages\/31","targetHints":{"allow":["GET"]}}],"collection":[{"href":"https:\/\/esmclub.be\/site\/wp-json\/wp\/v2\/pages"}],"about":[{"href":"https:\/\/esmclub.be\/site\/wp-json\/wp\/v2\/types\/page"}],"author":[{"embeddable":true,"href":"https:\/\/esmclub.be\/site\/wp-json\/wp\/v2\/users\/1"}],"replies":[{"embeddable":true,"href":"https:\/\/esmclub.be\/site\/wp-json\/wp\/v2\/comments?post=31"}],"version-history":[{"count":28,"href":"https:\/\/esmclub.be\/site\/wp-json\/wp\/v2\/pages\/31\/revisions"}],"predecessor-version":[{"id":2931,"href":"https:\/\/esmclub.be\/site\/wp-json\/wp\/v2\/pages\/31\/revisions\/2931"}],"up":[{"embeddable":true,"href":"https:\/\/esmclub.be\/site\/wp-json\/wp\/v2\/pages\/28"}],"wp:attachment":[{"href":"https:\/\/esmclub.be\/site\/wp-json\/wp\/v2\/media?parent=31"}],"curies":[{"name":"wp","href":"https:\/\/api.w.org\/{rel}","templated":true}]}}