{"id":3395,"date":"2022-05-26T11:29:06","date_gmt":"2022-05-26T09:29:06","guid":{"rendered":"https:\/\/esmclub.be\/site\/?page_id=3395"},"modified":"2022-05-26T11:29:06","modified_gmt":"2022-05-26T09:29:06","slug":"declaration-daccident","status":"publish","type":"page","link":"https:\/\/esmclub.be\/site\/le-club\/declaration-daccident\/","title":{"rendered":"D\u00e9claration d&rsquo;accident"},"content":{"rendered":"<p>En esp\u00e9rant que vous n&rsquo;ayez pas besoin de ce lien, vous trouverez ici le formulaire d&rsquo;accident de notre ligue : <a href=\"https:\/\/esmclub.be\/wp-content\/uploads\/2022\/05\/DeclarationdesinistreAccidentsCorporels_FBFAT.pdf\">d\u00e9claration accident<\/a><\/p>\n<p>&nbsp;<\/p>\n<p>Ce document est \u00e0 faire signer par la secr\u00e9taire, Fran\u00e7oise ou notre pr\u00e9sident, Patrick.<\/p>\n","protected":false},"excerpt":{"rendered":"<p>En esp\u00e9rant que vous n&rsquo;ayez pas besoin de ce lien, vous trouverez ici le formulaire d&rsquo;accident de notre ligue : d\u00e9claration accident &nbsp; Ce document est \u00e0 faire signer par la secr\u00e9taire, Fran\u00e7oise ou notre pr\u00e9sident, Patrick.<\/p>\n","protected":false},"author":5,"featured_media":0,"parent":13,"menu_order":0,"comment_status":"closed","ping_status":"closed","template":"","meta":{"footnotes":""},"class_list":["post-3395","page","type-page","status-publish","hentry"],"_links":{"self":[{"href":"https:\/\/esmclub.be\/site\/wp-json\/wp\/v2\/pages\/3395","targetHints":{"allow":["GET"]}}],"collection":[{"href":"https:\/\/esmclub.be\/site\/wp-json\/wp\/v2\/pages"}],"about":[{"href":"https:\/\/esmclub.be\/site\/wp-json\/wp\/v2\/types\/page"}],"author":[{"embeddable":true,"href":"https:\/\/esmclub.be\/site\/wp-json\/wp\/v2\/users\/5"}],"replies":[{"embeddable":true,"href":"https:\/\/esmclub.be\/site\/wp-json\/wp\/v2\/comments?post=3395"}],"version-history":[{"count":1,"href":"https:\/\/esmclub.be\/site\/wp-json\/wp\/v2\/pages\/3395\/revisions"}],"predecessor-version":[{"id":3397,"href":"https:\/\/esmclub.be\/site\/wp-json\/wp\/v2\/pages\/3395\/revisions\/3397"}],"up":[{"embeddable":true,"href":"https:\/\/esmclub.be\/site\/wp-json\/wp\/v2\/pages\/13"}],"wp:attachment":[{"href":"https:\/\/esmclub.be\/site\/wp-json\/wp\/v2\/media?parent=3395"}],"curies":[{"name":"wp","href":"https:\/\/api.w.org\/{rel}","templated":true}]}}