{"id":3455,"date":"2023-01-02T20:15:14","date_gmt":"2023-01-02T19:15:14","guid":{"rendered":"https:\/\/esmclub.be\/site\/?page_id=3455"},"modified":"2026-02-09T14:44:05","modified_gmt":"2026-02-09T13:44:05","slug":"news","status":"publish","type":"page","link":"https:\/\/esmclub.be\/site\/news\/","title":{"rendered":"Infos pratiques"},"content":{"rendered":"<p><span data-olk-copy-source=\"MessageBody\">\u2022\u00a0 <\/span>Consignes et douches: dans le hall sportif du Scavin.<\/p>\n<p><span data-olk-copy-source=\"MessageBody\">\u2022\u00a0 <\/span>Bar et petite restauration sur place: pr\u00e9sence d&rsquo;un bar et d&rsquo;un <span data-olk-copy-source=\"MessageBody\">barbecue (pain \/ saucisse de la boucherie Laurent situ\u00e9 \u00e0 proximit\u00e9).<\/span><\/p>\n<p><span data-olk-copy-source=\"MessageBody\">\u2022\u00a0 <\/span>Ravitaillement vers le 9\u00e8me km sur le circuit de la Portelette et ravitaillement commun apr\u00e8s la ligne d&rsquo;arriv\u00e9e (<span data-olk-copy-source=\"MessageBody\">gros ravitaillement \u00e0 l&rsquo;arriv\u00e9e pour tous (eau, boisson \u00e9nergisante et de r\u00e9cup\u00e9ration \u00ab\u00a0AA Drink\u00a0\u00bb, nourriture sal\u00e9e et sucr\u00e9e).<\/span><\/p>\n<p><span data-olk-copy-source=\"MessageBody\">\u2022\u00a0 <\/span>Garderie pour les enfants assur\u00e9es pendant les \u00e9preuves de la Portelette et de la mini-Portelette.<\/p>\n<p><span data-olk-copy-source=\"MessageBody\">\u2022\u00a0 Ambiance musicale sur le parcours !<\/span><\/p>\n<p><span data-olk-copy-source=\"MessageBody\">\u2022\u00a0 Consigne s\u00e9curis\u00e9e et gard\u00e9e par unit\u00e9 de scout.<\/span><\/p>\n<p><span data-olk-copy-source=\"MessageBody\">\u2022\u00a0 \u26a0\ufe0f Pas de parking pr\u00e9vu.\u00a0 Pr\u00e9voyez le temps n\u00e9cessaire pour vous stationner et vous rendre \u00e0 pied sur le site en sachant qu&rsquo;un tron\u00e7on de 1.5 km sera ferm\u00e9 de 13h00 \u00e0 15h00 dans la Rue de l&rsquo;Entreville et la Rue des Quatre Bras \u00e0 Lobbes entre la Rue des Gaux et la Rue des Quatre Chemins.<\/span><\/p>\n","protected":false},"excerpt":{"rendered":"<p>\u2022\u00a0 Consignes et douches: dans le hall sportif du Scavin. \u2022\u00a0 Bar et petite restauration sur place: pr\u00e9sence d&rsquo;un bar et d&rsquo;un barbecue (pain \/ saucisse de la boucherie Laurent situ\u00e9 \u00e0 proximit\u00e9). \u2022\u00a0 Ravitaillement vers le 9\u00e8me km sur &hellip;<\/p>\n<p><a href=\"https:\/\/esmclub.be\/site\/news\/\">Continue Reading<span class=\"meta-nav\">&rarr;<\/span><\/a><\/p>\n","protected":false},"author":5,"featured_media":0,"parent":0,"menu_order":0,"comment_status":"closed","ping_status":"closed","template":"","meta":{"footnotes":""},"class_list":["post-3455","page","type-page","status-publish","hentry"],"_links":{"self":[{"href":"https:\/\/esmclub.be\/site\/wp-json\/wp\/v2\/pages\/3455","targetHints":{"allow":["GET"]}}],"collection":[{"href":"https:\/\/esmclub.be\/site\/wp-json\/wp\/v2\/pages"}],"about":[{"href":"https:\/\/esmclub.be\/site\/wp-json\/wp\/v2\/types\/page"}],"author":[{"embeddable":true,"href":"https:\/\/esmclub.be\/site\/wp-json\/wp\/v2\/users\/5"}],"replies":[{"embeddable":true,"href":"https:\/\/esmclub.be\/site\/wp-json\/wp\/v2\/comments?post=3455"}],"version-history":[{"count":8,"href":"https:\/\/esmclub.be\/site\/wp-json\/wp\/v2\/pages\/3455\/revisions"}],"predecessor-version":[{"id":4049,"href":"https:\/\/esmclub.be\/site\/wp-json\/wp\/v2\/pages\/3455\/revisions\/4049"}],"wp:attachment":[{"href":"https:\/\/esmclub.be\/site\/wp-json\/wp\/v2\/media?parent=3455"}],"curies":[{"name":"wp","href":"https:\/\/api.w.org\/{rel}","templated":true}]}}