{"id":36,"date":"2018-09-03T13:23:07","date_gmt":"2018-09-03T11:23:07","guid":{"rendered":"http:\/\/michelbarzin.be\/ESM\/?page_id=36"},"modified":"2019-04-02T14:50:51","modified_gmt":"2019-04-02T12:50:51","slug":"courses-des-amis","status":"publish","type":"page","link":"https:\/\/esmclub.be\/site\/nos-courses\/courses-des-amis\/","title":{"rendered":"Courses des Amis"},"content":{"rendered":"<p>Le dernier mercredi d&rsquo;ao\u00fbt c&rsquo;est la course du souvenir (contre la montre de 3 Km) dans le parc de Monceau. Cette course est un hommage aux Amis du club d\u00e9c\u00e9d\u00e9s.<\/p>\n","protected":false},"excerpt":{"rendered":"<p>Le dernier mercredi d&rsquo;ao\u00fbt c&rsquo;est la course du souvenir (contre la montre de 3 Km) dans le parc de Monceau. Cette course est un hommage aux Amis du club d\u00e9c\u00e9d\u00e9s.<\/p>\n","protected":false},"author":1,"featured_media":0,"parent":28,"menu_order":0,"comment_status":"closed","ping_status":"closed","template":"","meta":{"footnotes":""},"class_list":["post-36","page","type-page","status-publish","hentry"],"_links":{"self":[{"href":"https:\/\/esmclub.be\/site\/wp-json\/wp\/v2\/pages\/36","targetHints":{"allow":["GET"]}}],"collection":[{"href":"https:\/\/esmclub.be\/site\/wp-json\/wp\/v2\/pages"}],"about":[{"href":"https:\/\/esmclub.be\/site\/wp-json\/wp\/v2\/types\/page"}],"author":[{"embeddable":true,"href":"https:\/\/esmclub.be\/site\/wp-json\/wp\/v2\/users\/1"}],"replies":[{"embeddable":true,"href":"https:\/\/esmclub.be\/site\/wp-json\/wp\/v2\/comments?post=36"}],"version-history":[{"count":2,"href":"https:\/\/esmclub.be\/site\/wp-json\/wp\/v2\/pages\/36\/revisions"}],"predecessor-version":[{"id":347,"href":"https:\/\/esmclub.be\/site\/wp-json\/wp\/v2\/pages\/36\/revisions\/347"}],"up":[{"embeddable":true,"href":"https:\/\/esmclub.be\/site\/wp-json\/wp\/v2\/pages\/28"}],"wp:attachment":[{"href":"https:\/\/esmclub.be\/site\/wp-json\/wp\/v2\/media?parent=36"}],"curies":[{"name":"wp","href":"https:\/\/api.w.org\/{rel}","templated":true}]}}