{"id":38,"date":"2018-09-03T13:23:26","date_gmt":"2018-09-03T11:23:26","guid":{"rendered":"http:\/\/michelbarzin.be\/ESM\/?page_id=38"},"modified":"2025-09-02T16:30:29","modified_gmt":"2025-09-02T14:30:29","slug":"contact","status":"publish","type":"page","link":"https:\/\/esmclub.be\/site\/contact\/","title":{"rendered":"Contacts"},"content":{"rendered":"<p>Outre les membres du conseil d&rsquo;administration (<a href=\"http:\/\/esmclub.be\/site\/le-club\/conseil-dadministration\/\">http:\/\/esmclub.be\/site\/le-club\/conseil-dadministration\/<\/a>) tu peux obtenir plus de renseignements aupr\u00e8s des personnes suivantes:<\/p>\n<p>Paul TIMMERMANS, le responsable de la cellule entra\u00eeneurs, pr\u00e9sent le mercredi au club et le samedi \u00e0 Thuin<\/p>\n<p>Aupr\u00e8s de Damien et Cynthia au clubhouse<\/p>\n","protected":false},"excerpt":{"rendered":"<p>Outre les membres du conseil d&rsquo;administration (http:\/\/esmclub.be\/site\/le-club\/conseil-dadministration\/) tu peux obtenir plus de renseignements aupr\u00e8s des personnes suivantes: Paul TIMMERMANS, le responsable de la cellule entra\u00eeneurs, pr\u00e9sent le mercredi au club et le samedi \u00e0 Thuin Aupr\u00e8s de Damien et Cynthia &hellip;<\/p>\n<p><a href=\"https:\/\/esmclub.be\/site\/contact\/\">Continue Reading<span class=\"meta-nav\">&rarr;<\/span><\/a><\/p>\n","protected":false},"author":1,"featured_media":0,"parent":0,"menu_order":0,"comment_status":"closed","ping_status":"closed","template":"","meta":{"footnotes":""},"class_list":["post-38","page","type-page","status-publish","hentry"],"_links":{"self":[{"href":"https:\/\/esmclub.be\/site\/wp-json\/wp\/v2\/pages\/38","targetHints":{"allow":["GET"]}}],"collection":[{"href":"https:\/\/esmclub.be\/site\/wp-json\/wp\/v2\/pages"}],"about":[{"href":"https:\/\/esmclub.be\/site\/wp-json\/wp\/v2\/types\/page"}],"author":[{"embeddable":true,"href":"https:\/\/esmclub.be\/site\/wp-json\/wp\/v2\/users\/1"}],"replies":[{"embeddable":true,"href":"https:\/\/esmclub.be\/site\/wp-json\/wp\/v2\/comments?post=38"}],"version-history":[{"count":18,"href":"https:\/\/esmclub.be\/site\/wp-json\/wp\/v2\/pages\/38\/revisions"}],"predecessor-version":[{"id":3984,"href":"https:\/\/esmclub.be\/site\/wp-json\/wp\/v2\/pages\/38\/revisions\/3984"}],"wp:attachment":[{"href":"https:\/\/esmclub.be\/site\/wp-json\/wp\/v2\/media?parent=38"}],"curies":[{"name":"wp","href":"https:\/\/api.w.org\/{rel}","templated":true}]}}